{"id":42,"date":"2015-09-20T17:17:09","date_gmt":"2015-09-20T17:17:09","guid":{"rendered":"http:\/\/turunpsykoterapiayhdistys.modernilapiomies.com\/?page_id=42"},"modified":"2026-01-09T09:07:16","modified_gmt":"2026-01-09T09:07:16","slug":"vapaat-terapiapaikatmuut-ilmoitukset","status":"publish","type":"page","link":"https:\/\/turunpsykoterapiayhdistys.fi\/index.php\/vapaat-terapiapaikatmuut-ilmoitukset\/","title":{"rendered":"Tulevat seminaarit"},"content":{"rendered":"<p>&nbsp;<\/p>\n<p><em><strong>He n\u00e4kev\u00e4t, mit\u00e4 me emme n\u00e4e.\u00a0 \u00a0 \u00a0<\/strong><\/em><strong>Opastettu vierailu Turun taidemuseoon ti 17.3.2026 klo17:00\u201318:00<\/strong><\/p>\n<p>Psykoanalyytikot Jukka Aaltonen ja Ilpo Lahti esittelev\u00e4t taidetta psykoanalyyttisesta n\u00e4k\u00f6kulmasta. Opastettu<br \/>kierros alkaa klo 17:00, ja sen j\u00e4lkeen nautimme kahvit Caf\u00e9 Viktorissa, museon alakerrassa.<br \/>Paikkoja tilaisuuteen on rajoitetusti. Ilmoittaudu 8.3. menness\u00e4 sihteerille, maija.karakorpi(a)gmail.com. Tarjoilun<br \/>vuoksi mainitse ilmoittautumisen yhteydess\u00e4 mahdolliset erikoisruokavaliot ja allergiat. Sis\u00e4\u00e4np\u00e4\u00e4sy museoon tulee<br \/>maksaa itse. Kahvituksen hinta 10 eur maksetaan yhdistyksen tilille ilmoittautumisen yhteydess\u00e4. Maksua ei palauteta.<\/p>\n<p>&nbsp;<\/p>\n<p><em><strong>Psykoottisten maailmain \u00e4\u00e4relt\u00e4.\u00a0 \u00a0 \u00a0Lauantaiseminaari 28.3.2026<\/strong><\/em><\/p>\n<p>klo 10:00\u201311:30 Todellisuuden kokemisesta ja Einarin matkasta t\u00e4htien takaa kohti maallisia ihmissuhteita.<\/p>\n<p style=\"padding-left: 160px;\">Tero Jokinen, mth, psykoanalyytikko (IFPS)<\/p>\n<p>klo 11:30\u201312:15 Kevyt lounas. Kakkukahvit psykoterapeuttikoulutuksestamme valmistuneiden<\/p>\n<p>kunniaksi.<\/p>\n<p>klo 12:15\u201313:45 Psykoottisten ajatusten k\u00e4sitteleminen psykoanalyysissa. Kohti muutosta vai<br \/>hyv\u00e4ksynt\u00e4\u00e4?<\/p>\n<p style=\"padding-left: 160px;\">Pauliina Pakal\u00e9n, psykologi, lasten- ja nuorisopsykoterapeutti, aikuisten<br \/>psykoterapeutti, psykoanalyytikkokandidaatti (SPY)<\/p>\n<p>Paikka: Maarian pappilan talli, Sorolaisenkatu 4, 20380 Turku.<br \/>Ilmoittautuminen: maija.karakorpi@gmail.com to 19.3.2025 menness\u0308\u00e4. Mainitse ilmoittautuessasi mahdolliset erityisruokavaliot.<br \/>Lauantaiseminaarin hinta on 100 e. Turun Psykoterapiayhdistys ry:n ja PDP ry:n psykoterapeuttikoulutuksen<br \/>opiskelijoille hinta on 30 e seminaariopetuksen p\u00e4\u00e4ttymiseen saakka. Osallistuminen tulee maksaa Turun<br \/>Psykoterapiayhdistyksen tilille FI41 5711 6150 0378 99 kahden viikon kuluessa seminaarin toteutumisesta. Ei<br \/>laskutusk\u00e4yt\u00e4nt\u00f6\u00e4.<\/p>\n<p>&nbsp;<\/p>\n<p><em><strong>STUDIA GENERALIA: PSYKODYNAAMINEN PSYKOTERAPIA T\u00c4N\u00c4\u00c4N<\/strong><\/em><\/p>\n<p>Anni Toivola-Aurasen s\u00e4\u00e4ti\u00f6n yll\u00e4pit\u00e4m\u00e4 turkulainen Poliklinikka Toivola on vanhin<br \/>suomalainen psykodynaamiseen psykoterapiaan keskittynyt poliklinikka. Psykodynaaminen<br \/>psykoterapia perustuu psykoanalyyttiseen teoriaan. Lapseton Anni Toivola-Auranen<br \/>testamenttasi \u201dLeninkiliike Anni Toivolalla\u201d luomansa varallisuuden psykoterapeuttisen<br \/>hoitolaitoksen perustamiseen. Poliklinikka on perustettu vuonna 1966. Poliklinikka ei tavoittele<br \/>voittoa, vaan pyrkii psykoterapeuttisen hoidon saatavuuden turvaamiseen. 60-<br \/>vuotisjuhlavuoden kunniaksi Poliklinikka Toivola j\u00e4rjest\u00e4\u00e4 yhdess\u00e4 kolmen turkulaisen<br \/>psykoterapiayhdistyksen kanssa Studia Generalia luentosarjan.<br \/>Luennoilla pyrit\u00e4\u00e4n hahmottamaan yleistajuisesti, mit\u00e4 psykodynaaminen psykoterapia on.<br \/>Luennot ovat maksuttomia ja ne on tarkoitettu kaikille kiinnostuneille. Esteett\u00f6m\u00e4\u00e4n tilaan<br \/>mahtuu n. 90 kuulijaa.<\/p>\n<p>Paikka: <strong>Turun p\u00e4\u00e4kirjaston Studio<\/strong>, Linnankatu 2, 20100 Turku<\/p>\n<p>&nbsp;<\/p>\n<p><em><strong>MIK\u00c4 PSYKOTERAPIASSA AUTTAA?<\/strong><\/em><\/p>\n<p><em><strong>ke 4.2.2026 klo 18:00\u201319:30 <\/strong><\/em>\u00a0 \u00a0 Turun Psykoterapiayhdistys ry<\/p>\n<p>Tied\u00e4mme, ett\u00e4 psykoanalyyttinen terapia usein auttaa. T\u00e4ll\u00e4 luennolla kerrotaan, mink\u00e4<br \/>kautta &#8211; miten &#8211; ajattelemme t\u00e4m\u00e4n tapahtuvan.<br \/>Luennoimassa <strong>Henrik Enckell<\/strong>, LT, kouluttajapsykoanalyytikko, psykodynaamisen<br \/>psykoterapian dosentti, Jyv\u00e4skyl\u00e4n yliopisto. Kommentoimassa <strong>Sari Sundvall-Piha<\/strong>, psykologi,<br \/>psykoanalyytikko, johtava perheneuvoja.<\/p>\n<p>&nbsp;<\/p>\n<p><em><strong>MIKSI LAPSI LEIKKII?<\/strong><\/em><\/p>\n<p><em><strong>ke 4.3.2026 klo 18:00\u201319:30\u00a0 \u00a0 \u00a0<\/strong><\/em>Turun Lasten- ja nuorisopsykoterapiayhdistys ry<\/p>\n<p>Leikki on portti todellisuuden tutkimiseen. El\u00e4m\u00e4ss\u00e4 eteen tulevat ihmetykset, ristiriidat,<br \/>pelot ja toiveet saavat siell\u00e4 n\u00e4ytt\u00e4m\u00f6n jossa kaikkea voi tutkia. Mit\u00e4 kaikkea on leikki? Miksi<br \/>se on lapsille niin t\u00e4rke\u00e4\u00e4?<br \/>Luennoimassa <strong>Sakari Ojanen<\/strong>, psykologi, lapsi- ja nuorisopsykoterapeutti<\/p>\n<p>&nbsp;<\/p>\n<p><em><strong>SKULLE DET H\u00c4R PASSA \u2013 KENELLE PSYKOTERAPIA SOPII?<\/strong><\/em><\/p>\n<p><em><strong>ke 15.4.2026 klo 18:00\u201319:30<\/strong><\/em>\u00a0 \u00a0 \u00a0 Psykodynaaminen Psykoterapia ry<\/p>\n<p>Psykoterapiasta on tullut valtavirtaa. Psykoterapia sopii kaikille, mutta&#8230;<br \/>Luennoimassa <strong>Thomas Pakal\u00e9n<\/strong>, psykologi, psykoterapeutti<\/p>\n\n\n\n","protected":false},"excerpt":{"rendered":"<p>&nbsp; He n\u00e4kev\u00e4t, mit\u00e4 me emme n\u00e4e.\u00a0 \u00a0 \u00a0Opastettu vierailu Turun taidemuseoon ti 17.3.2026 klo17:00\u201318:00 Psykoanalyytikot Jukka Aaltonen ja Ilpo Lahti esittelev\u00e4t taidetta psykoanalyyttisesta n\u00e4k\u00f6kulmasta. Opastettukierros alkaa klo 17:00, ja sen j\u00e4lkeen nautimme kahvit Caf\u00e9 Viktorissa, museon alakerrassa.Paikkoja tilaisuuteen on rajoitetusti. Ilmoittaudu 8.3. menness\u00e4 sihteerille, maija.karakorpi(a)gmail.com. Tarjoilunvuoksi mainitse ilmoittautumisen yhteydess\u00e4 mahdolliset erikoisruokavaliot ja allergiat. Sis\u00e4\u00e4np\u00e4\u00e4sy&hellip; <a class=\"read-more\" href=\"https:\/\/turunpsykoterapiayhdistys.fi\/index.php\/vapaat-terapiapaikatmuut-ilmoitukset\/\">Read More<\/a><\/p>\n","protected":false},"author":1,"featured_media":0,"parent":0,"menu_order":4,"comment_status":"closed","ping_status":"closed","template":"page-nosidebar.php","meta":{"footnotes":""},"class_list":["post-42","page","type-page","status-publish","hentry"],"jetpack_sharing_enabled":true,"_links":{"self":[{"href":"https:\/\/turunpsykoterapiayhdistys.fi\/index.php\/wp-json\/wp\/v2\/pages\/42","targetHints":{"allow":["GET"]}}],"collection":[{"href":"https:\/\/turunpsykoterapiayhdistys.fi\/index.php\/wp-json\/wp\/v2\/pages"}],"about":[{"href":"https:\/\/turunpsykoterapiayhdistys.fi\/index.php\/wp-json\/wp\/v2\/types\/page"}],"author":[{"embeddable":true,"href":"https:\/\/turunpsykoterapiayhdistys.fi\/index.php\/wp-json\/wp\/v2\/users\/1"}],"replies":[{"embeddable":true,"href":"https:\/\/turunpsykoterapiayhdistys.fi\/index.php\/wp-json\/wp\/v2\/comments?post=42"}],"version-history":[{"count":71,"href":"https:\/\/turunpsykoterapiayhdistys.fi\/index.php\/wp-json\/wp\/v2\/pages\/42\/revisions"}],"predecessor-version":[{"id":351,"href":"https:\/\/turunpsykoterapiayhdistys.fi\/index.php\/wp-json\/wp\/v2\/pages\/42\/revisions\/351"}],"wp:attachment":[{"href":"https:\/\/turunpsykoterapiayhdistys.fi\/index.php\/wp-json\/wp\/v2\/media?parent=42"}],"curies":[{"name":"wp","href":"https:\/\/api.w.org\/{rel}","templated":true}]}}