{"id":337,"date":"2025-11-05T16:50:31","date_gmt":"2025-11-05T16:50:31","guid":{"rendered":"https:\/\/turunpsykoterapiayhdistys.fi\/?page_id=337"},"modified":"2026-02-08T16:25:33","modified_gmt":"2026-02-08T16:25:33","slug":"eettinen-tyoryhma","status":"publish","type":"page","link":"https:\/\/turunpsykoterapiayhdistys.fi\/index.php\/eettinen-tyoryhma\/","title":{"rendered":"Eettinen ty\u00f6ryhm\u00e4"},"content":{"rendered":"\n<p>Turun Psykoterapiayhdistyksen eettiseen ty\u00f6ryhm\u00e4\u00e4n kuuluu nelj\u00e4 henkil\u00f6\u00e4. Yksi toimintakausi kest\u00e4\u00e4 kaksi vuotta. <\/p>\n\n\n\n<p>Eettinen ty\u00f6ryhm\u00e4 kokoontuu kerran kev\u00e4\u00e4ll\u00e4 ja syksyll\u00e4 sek\u00e4 tarvittaessa useammin eettisten kysymysten k\u00e4sittelemiseksi.&nbsp;<\/p>\n\n\n\n<p>Ty\u00f6ryhm\u00e4n tavoitteena on pohtia psykoterapeuttisessa hoidossa esiin nousevia eettisi\u00e4 kysymyksi\u00e4. Turun Psykoterapiayhdistyksen j\u00e4senet voivat ottaa yhteytt\u00e4 ty\u00f6ryhm\u00e4n j\u00e4seniin.<\/p>\n\n\n\n<div data-wp-interactive=\"core\/file\" class=\"wp-block-file\"><object data-wp-bind--hidden=\"!state.hasPdfPreview\" hidden class=\"wp-block-file__embed\" data=\"https:\/\/turunpsykoterapiayhdistys.fi\/wp-content\/uploads\/2025\/11\/EFPP-eettinen-ohjeistus-TPY-lyhennelma.pdf\" type=\"application\/pdf\" style=\"width:100%;height:0px\" aria-label=\"Tiedoston EFPP eettinen ohjeistus TPY lyhennelma\u0308 upotus.\"><\/object><a id=\"wp-block-file--media-a7632f1b-0b94-45bf-be8d-f3be3f9ee9fc\" href=\"https:\/\/turunpsykoterapiayhdistys.fi\/wp-content\/uploads\/2025\/11\/EFPP-eettinen-ohjeistus-TPY-lyhennelma.pdf\">EFPP eettinen ohjeistus TPY lyhennelma\u0308<\/a><a href=\"https:\/\/turunpsykoterapiayhdistys.fi\/wp-content\/uploads\/2025\/11\/EFPP-eettinen-ohjeistus-TPY-lyhennelma.pdf\" class=\"wp-block-file__button wp-element-button\" download aria-describedby=\"wp-block-file--media-a7632f1b-0b94-45bf-be8d-f3be3f9ee9fc\">Lataa<\/a><\/div>\n\n\n\n<p>Ty\u00f6ryhm\u00e4n j\u00e4senet:<\/p>\n\n\n\n<p>Satu Leino     satuleino1(a)gmail.com<\/p>\n\n\n\n<p>Marianne Lindstedt     marianne.lindstedt(a)outlook.com<\/p>\n\n\n\n<p>Merja L\u00f6fgren     merja.lofgren(a)gmail.com<\/p>\n\n\n\n<p>Enni M\u00e4kel\u00e4     nuorisopsykiatriennimakela(a)gmail.com<\/p>\n","protected":false},"excerpt":{"rendered":"<p>Turun Psykoterapiayhdistyksen eettiseen ty\u00f6ryhm\u00e4\u00e4n kuuluu nelj\u00e4 henkil\u00f6\u00e4. Yksi toimintakausi kest\u00e4\u00e4 kaksi vuotta. Eettinen ty\u00f6ryhm\u00e4 kokoontuu kerran kev\u00e4\u00e4ll\u00e4 ja syksyll\u00e4 sek\u00e4 tarvittaessa useammin eettisten kysymysten k\u00e4sittelemiseksi.&nbsp; Ty\u00f6ryhm\u00e4n tavoitteena on pohtia psykoterapeuttisessa hoidossa esiin nousevia eettisi\u00e4 kysymyksi\u00e4. Turun Psykoterapiayhdistyksen j\u00e4senet voivat ottaa yhteytt\u00e4 ty\u00f6ryhm\u00e4n j\u00e4seniin. Ty\u00f6ryhm\u00e4n j\u00e4senet: Satu Leino satuleino1(a)gmail.com Marianne Lindstedt marianne.lindstedt(a)outlook.com Merja L\u00f6fgren merja.lofgren(a)gmail.com Enni&hellip; <a class=\"read-more\" href=\"https:\/\/turunpsykoterapiayhdistys.fi\/index.php\/eettinen-tyoryhma\/\">Read More<\/a><\/p>\n","protected":false},"author":1,"featured_media":0,"parent":0,"menu_order":0,"comment_status":"closed","ping_status":"closed","template":"","meta":{"footnotes":""},"class_list":["post-337","page","type-page","status-publish","hentry"],"jetpack_sharing_enabled":true,"_links":{"self":[{"href":"https:\/\/turunpsykoterapiayhdistys.fi\/index.php\/wp-json\/wp\/v2\/pages\/337","targetHints":{"allow":["GET"]}}],"collection":[{"href":"https:\/\/turunpsykoterapiayhdistys.fi\/index.php\/wp-json\/wp\/v2\/pages"}],"about":[{"href":"https:\/\/turunpsykoterapiayhdistys.fi\/index.php\/wp-json\/wp\/v2\/types\/page"}],"author":[{"embeddable":true,"href":"https:\/\/turunpsykoterapiayhdistys.fi\/index.php\/wp-json\/wp\/v2\/users\/1"}],"replies":[{"embeddable":true,"href":"https:\/\/turunpsykoterapiayhdistys.fi\/index.php\/wp-json\/wp\/v2\/comments?post=337"}],"version-history":[{"count":8,"href":"https:\/\/turunpsykoterapiayhdistys.fi\/index.php\/wp-json\/wp\/v2\/pages\/337\/revisions"}],"predecessor-version":[{"id":377,"href":"https:\/\/turunpsykoterapiayhdistys.fi\/index.php\/wp-json\/wp\/v2\/pages\/337\/revisions\/377"}],"wp:attachment":[{"href":"https:\/\/turunpsykoterapiayhdistys.fi\/index.php\/wp-json\/wp\/v2\/media?parent=337"}],"curies":[{"name":"wp","href":"https:\/\/api.w.org\/{rel}","templated":true}]}}