{"id":192,"date":"2018-08-26T11:07:16","date_gmt":"2018-08-26T11:07:16","guid":{"rendered":"http:\/\/turunpsykoterapiayhdistys.fi\/?page_id=192"},"modified":"2018-08-26T11:11:18","modified_gmt":"2018-08-26T11:11:18","slug":"rekisteriseloste","status":"publish","type":"page","link":"https:\/\/turunpsykoterapiayhdistys.fi\/index.php\/rekisteriseloste\/","title":{"rendered":"Rekisteriseloste"},"content":{"rendered":"<table width=\"860\">\n<tbody>\n<tr>\n<td width=\"856\"><strong>Rekisteri- ja tietosuojaseloste<\/strong><\/p>\n<p>T\u00e4m\u00e4 on Turun psykoterapiayhdistyksen\u00a0henkil\u00f6tietolain (10 ja 24 \u00a7) ja EU:n yleisen tietosuoja-asetuksen (GDPR) mukainen<\/p>\n<p>rekisteri- ja tietosuojaseloste.<\/p>\n<p>Laadittu 26.8.2018. Viimeisin muutos 26.8.2018<\/p>\n<p>&nbsp;<\/p>\n<p><strong>1.\u00a0\u00a0\u00a0\u00a0 <\/strong><strong>Rekisterinpit\u00e4j\u00e4<\/strong><\/p>\n<p>Turun Psykoterapiayhdistys r.y.<\/p>\n<p>Linnankatu 9-11 A35, 20100 Turku<\/p>\n<p><strong>2.\u00a0\u00a0\u00a0\u00a0 <\/strong><strong>Rekisterist\u00e4 vastaava yhteyshenkil\u00f6<\/strong><\/p>\n<p>Tero Jokinen.<\/p>\n<p>Email: <a href=\"mailto:terojokinen@outlook.com\">terojokinen@outlook.com<\/a><\/p>\n<p>Puh: 050 5414710<\/p>\n<p>&nbsp;<\/p>\n<p><strong>3.\u00a0\u00a0\u00a0\u00a0 <\/strong><strong>Rekisterin nimi<\/strong><\/p>\n<p>Turun Psykoterapiayhdistyksen j\u00e4senrekisteri<\/p>\n<p><strong>4. Oikeusperuste ja henkil\u00f6tietojen k\u00e4sittelyn tarkoitus<\/strong><\/p>\n<p>EU:n yleisen tietosuoja-asetuksen mukainen oikeusperuste henkil\u00f6tietojen k\u00e4sittelylle on rekisterinpit\u00e4j\u00e4n oikeutettu etu (j\u00e4senyys).<\/p>\n<p>Henkil\u00f6tietojen k\u00e4sittelyn tarkoitus on yhteydenpito yhdistyksen j\u00e4seniin. Tietoja ei k\u00e4ytet\u00e4 automatisoituun p\u00e4\u00e4t\u00f6ksentekoon tai<\/p>\n<p>profilointiin.<\/p>\n<p><strong>5. Rekisterin tietosis\u00e4lt\u00f6<\/strong><\/p>\n<p>Rekisteriin tallennettavia tietoja ovat: henkil\u00f6n nimi ja yhteystiedot. Tiedot poistetaan rekisterist\u00e4 j\u00e4senyyden p\u00e4\u00e4ttyess\u00e4.<\/p>\n<p><strong>6. S\u00e4\u00e4nn\u00f6nmukaiset tietol\u00e4hteet<\/strong><\/p>\n<p>Rekisteriin tallennettavat tiedot saadaan j\u00e4senelt\u00e4.<\/p>\n<p><strong>7. Tietojen s\u00e4\u00e4nn\u00f6nmukaiset luovutukset ja tietojen siirto EU:n tai ETA:n ulkopuolelle<\/strong><\/p>\n<p>Tietoja ei luovuteta s\u00e4\u00e4nn\u00f6nmukaisesti muille tahoille. Tietoja voidaan julkaista silt\u00e4 osin kuin niin on sovittu j\u00e4senen kanssa.<\/p>\n<p><strong>8. Rekisterin suojauksen periaatteet<\/strong><\/p>\n<p>Rekisterin k\u00e4sittelyss\u00e4 noudatetaan huolellisuutta ja tietoj\u00e4rjestelmien avulla k\u00e4sitelt\u00e4v\u00e4t tiedot suojataan asianmukaisesti. Kun rekisteritietoja<\/p>\n<p>s\u00e4ilytet\u00e4\u00e4n Internet-palvelimilla, niiden laitteiston fyysisest\u00e4 ja digitaalisesta tietoturvasta huolehditaan asiaankuuluvasti.<\/p>\n<p>Rekisterinpit\u00e4j\u00e4 huolehtii siit\u00e4, ett\u00e4 tallennettuja tietoja sek\u00e4 palvelimien k\u00e4ytt\u00f6oikeuksia ja muita henkil\u00f6tietojen turvallisuuden<\/p>\n<p>kannalta kriittisi\u00e4 tietoja k\u00e4sitell\u00e4\u00e4n luottamuksellisesti ja vain niiden toimijoiden toimesta, joiden toimenkuvaan se kuuluu.<\/p>\n<p><strong>9. Tarkastusoikeus ja oikeus vaatia tiedon korjaamista<\/strong><\/p>\n<p>Jokaisella rekisteriss\u00e4 olevalla henkil\u00f6ll\u00e4 on oikeus tarkistaa rekisteriin tallennetut tietonsa ja vaatia mahdollisen virheellisen tiedon korjaamista<\/p>\n<p>tai puutteellisen tiedon t\u00e4ydent\u00e4mist\u00e4. Mik\u00e4li henkil\u00f6 haluaa tarkistaa h\u00e4nest\u00e4 tallennetut tiedot tai vaatia niihin oikaisua, pyynt\u00f6 tulee<\/p>\n<p>l\u00e4hett\u00e4\u00e4 kirjallisesti rekisterinpit\u00e4j\u00e4lle. Rekisterinpit\u00e4j\u00e4 voi pyyt\u00e4\u00e4 tarvittaessa pyynn\u00f6n esitt\u00e4j\u00e4\u00e4 todistamaan henkil\u00f6llisyytens\u00e4.<\/p>\n<p>Rekisterinpit\u00e4j\u00e4 vastaa asiakkaalle EU:n tietosuoja-asetuksessa s\u00e4\u00e4detyss\u00e4 ajassa (p\u00e4\u00e4s\u00e4\u00e4nt\u00f6isesti kuukauden kuluessa).<\/p>\n<p><strong>10. Muut henkil\u00f6tietojen k\u00e4sittelyyn liittyv\u00e4t oikeudet<\/strong><\/p>\n<p>Rekisteriss\u00e4 olevalla henkil\u00f6ll\u00e4 on oikeus pyyt\u00e4\u00e4 h\u00e4nt\u00e4 koskevien henkil\u00f6tietojen poistamiseen rekisterist\u00e4 (&#8221;oikeus tulla unohdetuksi&#8221;).<\/p>\n<p>Niin ik\u00e4\u00e4n rekister\u00f6idyill\u00e4 on muut\u00a0<a href=\"http:\/\/eur-lex.europa.eu\/legal-content\/FI\/TXT\/?uri=CELEX%3A32016R0679#d1e2144-1-1\">EU:n yleisen tietosuoja-asetuksen mukaiset oikeudet<\/a>\u00a0kuten henkil\u00f6tietojen k\u00e4sittelyn rajoittaminen<\/p>\n<p>tietyiss\u00e4 tilanteissa. Pyynn\u00f6t tulee l\u00e4hett\u00e4\u00e4 kirjallisesti rekisterinpit\u00e4j\u00e4lle. Rekisterinpit\u00e4j\u00e4 voi pyyt\u00e4\u00e4 tarvittaessa pyynn\u00f6n esitt\u00e4j\u00e4\u00e4<\/p>\n<p>todistamaan henkil\u00f6llisyytens\u00e4.<\/p>\n<p>Rekisterinpit\u00e4j\u00e4 vastaa asiakkaalle EU:n tietosuoja-asetuksessa s\u00e4\u00e4detyss\u00e4 ajassa (p\u00e4\u00e4s\u00e4\u00e4nt\u00f6isesti kuukauden kuluessa).<\/td>\n<\/tr>\n<\/tbody>\n<\/table>\n<p>&nbsp;<\/p>\n","protected":false},"excerpt":{"rendered":"<p>Rekisteri- ja tietosuojaseloste T\u00e4m\u00e4 on Turun psykoterapiayhdistyksen\u00a0henkil\u00f6tietolain (10 ja 24 \u00a7) ja EU:n yleisen tietosuoja-asetuksen (GDPR) mukainen rekisteri- ja tietosuojaseloste. Laadittu 26.8.2018. Viimeisin muutos 26.8.2018 &nbsp; 1.\u00a0\u00a0\u00a0\u00a0 Rekisterinpit\u00e4j\u00e4 Turun Psykoterapiayhdistys r.y. Linnankatu 9-11 A35, 20100 Turku 2.\u00a0\u00a0\u00a0\u00a0 Rekisterist\u00e4 vastaava yhteyshenkil\u00f6 Tero Jokinen. Email: terojokinen@outlook.com Puh: 050 5414710 &nbsp; 3.\u00a0\u00a0\u00a0\u00a0 Rekisterin nimi Turun Psykoterapiayhdistyksen j\u00e4senrekisteri 4.&hellip; <a class=\"read-more\" href=\"https:\/\/turunpsykoterapiayhdistys.fi\/index.php\/rekisteriseloste\/\">Read More<\/a><\/p>\n","protected":false},"author":1,"featured_media":0,"parent":0,"menu_order":0,"comment_status":"closed","ping_status":"closed","template":"page-nosidebar.php","meta":{"footnotes":""},"class_list":["post-192","page","type-page","status-publish","hentry"],"jetpack_sharing_enabled":true,"_links":{"self":[{"href":"https:\/\/turunpsykoterapiayhdistys.fi\/index.php\/wp-json\/wp\/v2\/pages\/192","targetHints":{"allow":["GET"]}}],"collection":[{"href":"https:\/\/turunpsykoterapiayhdistys.fi\/index.php\/wp-json\/wp\/v2\/pages"}],"about":[{"href":"https:\/\/turunpsykoterapiayhdistys.fi\/index.php\/wp-json\/wp\/v2\/types\/page"}],"author":[{"embeddable":true,"href":"https:\/\/turunpsykoterapiayhdistys.fi\/index.php\/wp-json\/wp\/v2\/users\/1"}],"replies":[{"embeddable":true,"href":"https:\/\/turunpsykoterapiayhdistys.fi\/index.php\/wp-json\/wp\/v2\/comments?post=192"}],"version-history":[{"count":1,"href":"https:\/\/turunpsykoterapiayhdistys.fi\/index.php\/wp-json\/wp\/v2\/pages\/192\/revisions"}],"predecessor-version":[{"id":193,"href":"https:\/\/turunpsykoterapiayhdistys.fi\/index.php\/wp-json\/wp\/v2\/pages\/192\/revisions\/193"}],"wp:attachment":[{"href":"https:\/\/turunpsykoterapiayhdistys.fi\/index.php\/wp-json\/wp\/v2\/media?parent=192"}],"curies":[{"name":"wp","href":"https:\/\/api.w.org\/{rel}","templated":true}]}}