{"id":12,"date":"2015-09-06T11:16:18","date_gmt":"2015-09-06T11:16:18","guid":{"rendered":"http:\/\/turunpsykoterapiayhdistys.modernilapiomies.com\/?page_id=12"},"modified":"2026-01-09T08:44:47","modified_gmt":"2026-01-09T08:44:47","slug":"terapeuttipankki","status":"publish","type":"page","link":"https:\/\/turunpsykoterapiayhdistys.fi\/index.php\/terapeuttipankki\/","title":{"rendered":"Psykoterapeuttipankki"},"content":{"rendered":"<p><strong>Mik\u00e4 on psykoterapeuttipankki?<\/strong><br \/>\nTurun Psykoterapiayhdistys on yhteisty\u00f6ss\u00e4 Poliklinikka Toivolan kanssa perustanut tammikuussa 2010 tietopankin, joka v\u00e4litt\u00e4\u00e4 psykoterapiaan hakeutuville potilaille psykoterapeuttien yhteystietoja.<\/p>\n<p><strong>Miten psykoterapeuttipankki toimii?<\/strong><br \/>\nPotilas ottaa yhteytt\u00e4 Poliklinikka Toivolaan (p. 02\/2797100), jonka toimistonhoitaja esitt\u00e4\u00e4 muutamia yleisluontoisia kysymyksi\u00e4 potilaan tilanteesta. Toimistonhoitaja hankkii tiedot vapaista psykoterapiapaikoista, ja potilas saa ne h\u00e4nelt\u00e4 soittamalla sovittuna aikana.<\/p>\n<p><strong>Miten psykoterapeutit saavat yhteystietonsa pankkiin?<\/strong><br \/>\nTurun Psykoterapiayhdistyksen j\u00e4senet voivat hakea psykoterapeuttipankin j\u00e4senyytt\u00e4 osoittamalla hakemuksensa yhdistyksen psykoterapeuttipankkivastaavalle Satu Leinolle: <a href=\"mailto:satuleino1@gmail.com\" target=\"_blank\" rel=\"noopener\">satuleino1(a)gmail.com<\/a><\/p>\n<p>Hakijalta edellytet\u00e4\u00e4n Turun psykoterapiayhdistyksen j\u00e4senyytt\u00e4, Kela-p\u00e4tevyytt\u00e4 ja psykodynaamisen viitekehyksen\u00a0 psykoterapeuttip\u00e4tevyytt\u00e4.<\/p>\n","protected":false},"excerpt":{"rendered":"<p>Mik\u00e4 on psykoterapeuttipankki? Turun Psykoterapiayhdistys on yhteisty\u00f6ss\u00e4 Poliklinikka Toivolan kanssa perustanut tammikuussa 2010 tietopankin, joka v\u00e4litt\u00e4\u00e4 psykoterapiaan hakeutuville potilaille psykoterapeuttien yhteystietoja. Miten psykoterapeuttipankki toimii? Potilas ottaa yhteytt\u00e4 Poliklinikka Toivolaan (p. 02\/2797100), jonka toimistonhoitaja esitt\u00e4\u00e4 muutamia yleisluontoisia kysymyksi\u00e4 potilaan tilanteesta. Toimistonhoitaja hankkii tiedot vapaista psykoterapiapaikoista, ja potilas saa ne h\u00e4nelt\u00e4 soittamalla sovittuna aikana. Miten psykoterapeutit saavat&hellip; <a class=\"read-more\" href=\"https:\/\/turunpsykoterapiayhdistys.fi\/index.php\/terapeuttipankki\/\">Read More<\/a><\/p>\n","protected":false},"author":1,"featured_media":0,"parent":0,"menu_order":3,"comment_status":"closed","ping_status":"closed","template":"page-nosidebar.php","meta":{"footnotes":""},"class_list":["post-12","page","type-page","status-publish","hentry"],"jetpack_sharing_enabled":true,"_links":{"self":[{"href":"https:\/\/turunpsykoterapiayhdistys.fi\/index.php\/wp-json\/wp\/v2\/pages\/12","targetHints":{"allow":["GET"]}}],"collection":[{"href":"https:\/\/turunpsykoterapiayhdistys.fi\/index.php\/wp-json\/wp\/v2\/pages"}],"about":[{"href":"https:\/\/turunpsykoterapiayhdistys.fi\/index.php\/wp-json\/wp\/v2\/types\/page"}],"author":[{"embeddable":true,"href":"https:\/\/turunpsykoterapiayhdistys.fi\/index.php\/wp-json\/wp\/v2\/users\/1"}],"replies":[{"embeddable":true,"href":"https:\/\/turunpsykoterapiayhdistys.fi\/index.php\/wp-json\/wp\/v2\/comments?post=12"}],"version-history":[{"count":5,"href":"https:\/\/turunpsykoterapiayhdistys.fi\/index.php\/wp-json\/wp\/v2\/pages\/12\/revisions"}],"predecessor-version":[{"id":347,"href":"https:\/\/turunpsykoterapiayhdistys.fi\/index.php\/wp-json\/wp\/v2\/pages\/12\/revisions\/347"}],"wp:attachment":[{"href":"https:\/\/turunpsykoterapiayhdistys.fi\/index.php\/wp-json\/wp\/v2\/media?parent=12"}],"curies":[{"name":"wp","href":"https:\/\/api.w.org\/{rel}","templated":true}]}}