{"id":10,"date":"2015-09-06T11:14:54","date_gmt":"2015-09-06T11:14:54","guid":{"rendered":"http:\/\/turunpsykoterapiayhdistys.modernilapiomies.com\/?page_id=10"},"modified":"2026-03-14T20:17:09","modified_gmt":"2026-03-14T20:17:09","slug":"ota-yhteytta","status":"publish","type":"page","link":"https:\/\/turunpsykoterapiayhdistys.fi\/index.php\/ota-yhteytta\/","title":{"rendered":"Yhteystiedot"},"content":{"rendered":"<form action=\"http:\/\/www.turunpsykoterapiayhdistys.com\/lahetetty.php\" method=\"post\" name=\"form1\"><strong>Turun Psykoterapiayhdistyksen johtokunta:<\/strong><\/p>\n<ul>\n<li>Puheenjohtaja Sari Sundvall-Piha\u00a0\u00a0\u00a0\u00a0 (sari.sundvallpiha@gmail.com, p. 040-092 3930)<\/li>\n<li>Varapuheenjohtaja ja kotisivuvastaava Leena Jaakkola\u00a0\u00a0\u00a0\u00a0 (leena.j.jaakkola@gmail.com)<\/li>\n<li>Sihteeri Maija Karakorpi\u00a0\u00a0\u00a0\u00a0 (maija.karakorpi@gmail.com)<\/li>\n<li>Rahastonhoitaja Jaakko Mikkola\u00a0 \u00a0 (jaakko.mikkola@tutanota.com)<\/li>\n<li>Kirjastovastaava Marianne Lindstedt\u00a0\u00a0\u00a0\u00a0 (marianne.lindstedt@outlook.com)<\/li>\n<li>Terapeuttipankkivastaava Satu Leino\u00a0\u00a0\u00a0\u00a0 (satuleino1@gmail.com)<\/li>\n<li>EFPP yhdyshenkil\u00f6 Enni M\u00e4kel\u00e4\u00a0\u00a0\u00a0\u00a0 (nuorisopsykiatriennimakela@gmail.com)<\/li>\n<li>Kulttuurivastaava Pia Poikonen\u00a0 \u00a0 \u00a0(pia.poikonen@fimnet.fi)<\/li>\n<\/ul>\n<\/form>\n","protected":false},"excerpt":{"rendered":"<p>Turun Psykoterapiayhdistyksen johtokunta: Puheenjohtaja Sari Sundvall-Piha\u00a0\u00a0\u00a0\u00a0 (sari.sundvallpiha@gmail.com, p. 040-092 3930) Varapuheenjohtaja ja kotisivuvastaava Leena Jaakkola\u00a0\u00a0\u00a0\u00a0 (leena.j.jaakkola@gmail.com) Sihteeri Maija Karakorpi\u00a0\u00a0\u00a0\u00a0 (maija.karakorpi@gmail.com) Rahastonhoitaja Jaakko Mikkola\u00a0 \u00a0 (jaakko.mikkola@tutanota.com) Kirjastovastaava Marianne Lindstedt\u00a0\u00a0\u00a0\u00a0 (marianne.lindstedt@outlook.com) Terapeuttipankkivastaava Satu Leino\u00a0\u00a0\u00a0\u00a0 (satuleino1@gmail.com) EFPP yhdyshenkil\u00f6 Enni M\u00e4kel\u00e4\u00a0\u00a0\u00a0\u00a0 (nuorisopsykiatriennimakela@gmail.com) Kulttuurivastaava Pia Poikonen\u00a0 \u00a0 \u00a0(pia.poikonen@fimnet.fi)&hellip; <a class=\"read-more\" href=\"https:\/\/turunpsykoterapiayhdistys.fi\/index.php\/ota-yhteytta\/\">Read More<\/a><\/p>\n","protected":false},"author":1,"featured_media":0,"parent":0,"menu_order":7,"comment_status":"closed","ping_status":"closed","template":"page-nosidebar.php","meta":{"footnotes":""},"class_list":["post-10","page","type-page","status-publish","hentry"],"jetpack_sharing_enabled":true,"_links":{"self":[{"href":"https:\/\/turunpsykoterapiayhdistys.fi\/index.php\/wp-json\/wp\/v2\/pages\/10","targetHints":{"allow":["GET"]}}],"collection":[{"href":"https:\/\/turunpsykoterapiayhdistys.fi\/index.php\/wp-json\/wp\/v2\/pages"}],"about":[{"href":"https:\/\/turunpsykoterapiayhdistys.fi\/index.php\/wp-json\/wp\/v2\/types\/page"}],"author":[{"embeddable":true,"href":"https:\/\/turunpsykoterapiayhdistys.fi\/index.php\/wp-json\/wp\/v2\/users\/1"}],"replies":[{"embeddable":true,"href":"https:\/\/turunpsykoterapiayhdistys.fi\/index.php\/wp-json\/wp\/v2\/comments?post=10"}],"version-history":[{"count":19,"href":"https:\/\/turunpsykoterapiayhdistys.fi\/index.php\/wp-json\/wp\/v2\/pages\/10\/revisions"}],"predecessor-version":[{"id":378,"href":"https:\/\/turunpsykoterapiayhdistys.fi\/index.php\/wp-json\/wp\/v2\/pages\/10\/revisions\/378"}],"wp:attachment":[{"href":"https:\/\/turunpsykoterapiayhdistys.fi\/index.php\/wp-json\/wp\/v2\/media?parent=10"}],"curies":[{"name":"wp","href":"https:\/\/api.w.org\/{rel}","templated":true}]}}